{"id":5,"date":"2020-08-20T02:05:26","date_gmt":"2020-08-20T02:05:26","guid":{"rendered":"https:\/\/diazdonoso.cl\/?page_id=5"},"modified":"2025-10-16T22:15:59","modified_gmt":"2025-10-16T22:15:59","slug":"news-2","status":"publish","type":"page","link":"https:\/\/diazdonoso.cl\/en_us\/news-2\/","title":{"rendered":"News"},"content":{"rendered":"<p>[et_pb_section fb_built=&#8221;1&#8243; admin_label=&#8221;Section&#8221; _builder_version=&#8221;4.6.5&#8243; _module_preset=&#8221;default&#8221; background_color=&#8221;#b2b2b2&#8243; background_image=&#8221;https:\/\/diazdonoso.cl\/wp-content\/uploads\/2025\/09\/EQUIPO_070_websize.jpg&#8221; height=&#8221;400px&#8221; custom_margin=&#8221;||-22px|||&#8221; custom_padding=&#8221;154px||154px||true|false&#8221; hover_enabled=&#8221;0&#8243; da_disable_devices=&#8221;off|off|off&#8221; locked=&#8221;off&#8221; sticky_enabled=&#8221;0&#8243; da_is_popup=&#8221;off&#8221; da_exit_intent=&#8221;off&#8221; da_has_close=&#8221;on&#8221; da_alt_close=&#8221;off&#8221; da_dark_close=&#8221;off&#8221; da_not_modal=&#8221;on&#8221; da_is_singular=&#8221;off&#8221; da_with_loader=&#8221;off&#8221; da_has_shadow=&#8221;on&#8221;][\/et_pb_section][et_pb_section fb_built=&#8221;1&#8243; _builder_version=&#8221;4.6.5&#8243; _module_preset=&#8221;default&#8221; custom_padding=&#8221;45px||5px|||&#8221; da_disable_devices=&#8221;off|off|off&#8221; da_is_popup=&#8221;off&#8221; da_exit_intent=&#8221;off&#8221; da_has_close=&#8221;on&#8221; da_alt_close=&#8221;off&#8221; da_dark_close=&#8221;off&#8221; da_not_modal=&#8221;on&#8221; da_is_singular=&#8221;off&#8221; da_with_loader=&#8221;off&#8221; da_has_shadow=&#8221;on&#8221;][et_pb_row _builder_version=&#8221;4.6.5&#8243; _module_preset=&#8221;default&#8221;][et_pb_column type=&#8221;4_4&#8243; _builder_version=&#8221;4.6.5&#8243; _module_preset=&#8221;default&#8221;][et_pb_text _builder_version=&#8221;4.6.5&#8243; _module_preset=&#8221;default&#8221; text_font=&#8221;|800|||||||&#8221; text_text_color=&#8221;#004a60&#8243; text_font_size=&#8221;45px&#8221; border_width_bottom=&#8221;30px&#8221; border_color_bottom=&#8221;rgba(0,0,0,0)&#8221;]<\/p>\n<p style=\"text-align: center;\">News<\/p>\n<p>[\/et_pb_text][\/et_pb_column][\/et_pb_row][\/et_pb_section][et_pb_section fb_built=&#8221;1&#8243; module_class=&#8221;container-news&#8221; _builder_version=&#8221;4.6.5&#8243; _module_preset=&#8221;default&#8221; custom_padding=&#8221;3px|||||&#8221; custom_css_main_element=&#8221;display: flex;||flex-direction: row;&#8221; da_disable_devices=&#8221;off|off|off&#8221; da_is_popup=&#8221;off&#8221; da_exit_intent=&#8221;off&#8221; da_has_close=&#8221;on&#8221; da_alt_close=&#8221;off&#8221; da_dark_close=&#8221;off&#8221; da_not_modal=&#8221;on&#8221; da_is_singular=&#8221;off&#8221; da_with_loader=&#8221;off&#8221; da_has_shadow=&#8221;on&#8221;][et_pb_row _builder_version=&#8221;4.6.5&#8243; _module_preset=&#8221;default&#8221; width=&#8221;100%&#8221; max_width=&#8221;1500px&#8221; custom_css_main_element=&#8221;display: flex;||flex-direction: row;&#8221;][et_pb_column type=&#8221;4_4&#8243; _builder_version=&#8221;4.6.5&#8243; _module_preset=&#8221;default&#8221;][et_pb_blog fullwidth=&#8221;off&#8221; posts_number=&#8221;8&#8243; include_categories=&#8221;8&#8243; show_more=&#8221;on&#8221; show_author=&#8221;off&#8221; show_categories=&#8221;off&#8221; show_pagination=&#8221;off&#8221; masonry_tile_background_color=&#8221;rgba(0,0,0,0)&#8221; module_class=&#8221;post-style&#8221; _builder_version=&#8221;4.6.5&#8243; _module_preset=&#8221;default&#8221; header_level=&#8221;h3&#8243; header_font=&#8221;|700|||||||&#8221; header_text_color=&#8221;#c7421a&#8221; header_line_height=&#8221;1.2em&#8221; meta_font=&#8221;|700|||||||&#8221; meta_text_color=&#8221;#004a60&#8243; read_more_text_color=&#8221;#d26848&#8243; custom_css_main_element=&#8221;padding: 0px 10px;&#8221; border_width_all=&#8221;0px&#8221; border_style_all=&#8221;none&#8221; border_radii_image=&#8221;on|10px|10px|10px|10px&#8221; border_color_all_image=&#8221;#004a60&#8243;][\/et_pb_blog][\/et_pb_column][\/et_pb_row][\/et_pb_section][et_pb_section fb_built=&#8221;1&#8243; _builder_version=&#8221;4.6.5&#8243; _module_preset=&#8221;default&#8221; da_disable_devices=&#8221;off|off|off&#8221; da_is_popup=&#8221;off&#8221; da_exit_intent=&#8221;off&#8221; da_has_close=&#8221;on&#8221; da_alt_close=&#8221;off&#8221; da_dark_close=&#8221;off&#8221; da_not_modal=&#8221;on&#8221; da_is_singular=&#8221;off&#8221; da_with_loader=&#8221;off&#8221; da_has_shadow=&#8221;on&#8221;][\/et_pb_section]<\/p>","protected":false},"excerpt":{"rendered":"<p>Once the law is approved and enacted, it will allow to apply for trademark registrations in more than 100 countries that are already part of the Madrid Protocol, in an inexpensive and simple way.<\/p>","protected":false},"author":4,"featured_media":3147,"parent":0,"menu_order":0,"comment_status":"closed","ping_status":"closed","template":"","meta":{"_et_pb_use_builder":"on","_et_pb_old_content":"<!-- wp:paragraph -->\n<p>Test page<\/p>\n<!-- \/wp:paragraph -->\n\n<!-- wp:group -->\n<div class=\"wp-block-group\"><div class=\"wp-block-group__inner-container\"><!-- wp:image {\"align\":\"center\",\"width\":164,\"height\":164,\"sizeSlug\":\"large\",\"className\":\"is-style-rounded\"} -->\n<div class=\"wp-block-image is-style-rounded\"><figure class=\"aligncenter size-large is-resized\"><img src=\"https:\/\/s.w.org\/images\/core\/5.5\/don-quixote-03.jpg\" alt=\"Pencil drawing of Don Quixote\" width=\"164\" height=\"164\"\/><\/figure><\/div>\n<!-- \/wp:image -->\n\n<!-- wp:quote {\"align\":\"center\",\"className\":\"is-style-large\"} -->\n<blockquote class=\"wp-block-quote has-text-align-center is-style-large\"><p>\"Do you see over yonder, friend Sancho, thirty or forty hulking giants? I intend to do battle with them and slay them.\"<\/p><cite>\u2014 Don Quixote<\/cite><\/blockquote>\n<!-- \/wp:quote -->\n\n<!-- wp:separator {\"className\":\"is-style-dots\"} -->\n<hr class=\"wp-block-separator is-style-dots\"\/>\n<!-- \/wp:separator --><\/div><\/div>\n<!-- \/wp:group -->","_et_gb_content_width":"","footnotes":""},"class_list":["post-5","page","type-page","status-publish","has-post-thumbnail","hentry"],"yoast_head":"<!-- This site is optimized with the Yoast SEO plugin v25.3.1 - https:\/\/yoast.com\/wordpress\/plugins\/seo\/ -->\n<title>Noticias | Diaz, Donoso &amp; C\u00eda<\/title>\n<meta name=\"description\" content=\"Una vez la ley sea aprobada y promulgada, permitir\u00e1 solicitar la obtenci\u00f3n de registros de marcas comerciales en m\u00e1s de 100 pa\u00edses que ya forman parte del Protocolo de Madrid, de forma econ\u00f3mica y simple.\" \/>\n<meta name=\"robots\" content=\"index, follow, max-snippet:-1, max-image-preview:large, max-video-preview:-1\" \/>\n<link rel=\"canonical\" href=\"https:\/\/diazdonoso.cl\/en_us\/news-2\/\" \/>\n<meta property=\"og:locale\" content=\"en_US\" \/>\n<meta property=\"og:type\" content=\"article\" \/>\n<meta property=\"og:title\" content=\"Noticias | Diaz, Donoso &amp; C\u00eda\" \/>\n<meta property=\"og:description\" content=\"Una vez la ley sea aprobada y promulgada, permitir\u00e1 solicitar la obtenci\u00f3n de registros de marcas comerciales en m\u00e1s de 100 pa\u00edses que ya forman parte del Protocolo de Madrid, de forma econ\u00f3mica y simple.\" \/>\n<meta property=\"og:url\" content=\"https:\/\/diazdonoso.cl\/en_us\/news-2\/\" \/>\n<meta property=\"og:site_name\" content=\"Diaz, Donoso &amp; C\u00eda\" \/>\n<meta property=\"article:modified_time\" content=\"2025-10-16T22:15:59+00:00\" \/>\n<meta property=\"og:image\" content=\"https:\/\/diazdonoso.cl\/wp-content\/uploads\/2021\/01\/descarga-1.png\" \/>\n\t<meta property=\"og:image:width\" content=\"251\" \/>\n\t<meta property=\"og:image:height\" content=\"201\" \/>\n\t<meta property=\"og:image:type\" content=\"image\/png\" \/>\n<meta name=\"twitter:card\" content=\"summary_large_image\" \/>\n<meta name=\"twitter:label1\" content=\"Est. reading time\" \/>\n\t<meta name=\"twitter:data1\" content=\"2 minutes\" \/>\n<script type=\"application\/ld+json\" class=\"yoast-schema-graph\">{\"@context\":\"https:\/\/schema.org\",\"@graph\":[{\"@type\":\"WebPage\",\"@id\":\"https:\/\/diazdonoso.cl\/en_us\/news-2\/\",\"url\":\"https:\/\/diazdonoso.cl\/en_us\/news-2\/\",\"name\":\"Noticias | Diaz, Donoso &amp; C\u00eda\",\"isPartOf\":{\"@id\":\"https:\/\/diazdonoso.cl\/en_us\/#website\"},\"primaryImageOfPage\":{\"@id\":\"https:\/\/diazdonoso.cl\/en_us\/news-2\/#primaryimage\"},\"image\":{\"@id\":\"https:\/\/diazdonoso.cl\/en_us\/news-2\/#primaryimage\"},\"thumbnailUrl\":\"https:\/\/diazdonoso.cl\/wp-content\/uploads\/2021\/01\/descarga-1.png\",\"datePublished\":\"2020-08-20T02:05:26+00:00\",\"dateModified\":\"2025-10-16T22:15:59+00:00\",\"description\":\"Una vez la ley sea aprobada y promulgada, permitir\u00e1 solicitar la obtenci\u00f3n de registros de marcas comerciales en m\u00e1s de 100 pa\u00edses que ya forman parte del Protocolo de Madrid, de forma econ\u00f3mica y simple.\",\"breadcrumb\":{\"@id\":\"https:\/\/diazdonoso.cl\/en_us\/news-2\/#breadcrumb\"},\"inLanguage\":\"en-US\",\"potentialAction\":[{\"@type\":\"ReadAction\",\"target\":[\"https:\/\/diazdonoso.cl\/en_us\/news-2\/\"]}]},{\"@type\":\"ImageObject\",\"inLanguage\":\"en-US\",\"@id\":\"https:\/\/diazdonoso.cl\/en_us\/news-2\/#primaryimage\",\"url\":\"https:\/\/diazdonoso.cl\/wp-content\/uploads\/2021\/01\/descarga-1.png\",\"contentUrl\":\"https:\/\/diazdonoso.cl\/wp-content\/uploads\/2021\/01\/descarga-1.png\",\"width\":251,\"height\":201},{\"@type\":\"BreadcrumbList\",\"@id\":\"https:\/\/diazdonoso.cl\/en_us\/news-2\/#breadcrumb\",\"itemListElement\":[{\"@type\":\"ListItem\",\"position\":1,\"name\":\"Portada\",\"item\":\"https:\/\/diazdonoso.cl\/\"},{\"@type\":\"ListItem\",\"position\":2,\"name\":\"Noticias\"}]},{\"@type\":\"WebSite\",\"@id\":\"https:\/\/diazdonoso.cl\/en_us\/#website\",\"url\":\"https:\/\/diazdonoso.cl\/en_us\/\",\"name\":\"Diaz, Donoso &amp; C\u00eda\",\"description\":\"D\u00edaz, Donoso &amp; C\u00eda\",\"publisher\":{\"@id\":\"https:\/\/diazdonoso.cl\/en_us\/#organization\"},\"potentialAction\":[{\"@type\":\"SearchAction\",\"target\":{\"@type\":\"EntryPoint\",\"urlTemplate\":\"https:\/\/diazdonoso.cl\/en_us\/?s={search_term_string}\"},\"query-input\":{\"@type\":\"PropertyValueSpecification\",\"valueRequired\":true,\"valueName\":\"search_term_string\"}}],\"inLanguage\":\"en-US\"},{\"@type\":\"Organization\",\"@id\":\"https:\/\/diazdonoso.cl\/en_us\/#organization\",\"name\":\"D\u00edaz Donoso & C\u00eda\",\"url\":\"https:\/\/diazdonoso.cl\/en_us\/\",\"logo\":{\"@type\":\"ImageObject\",\"inLanguage\":\"en-US\",\"@id\":\"https:\/\/diazdonoso.cl\/en_us\/#\/schema\/logo\/image\/\",\"url\":\"https:\/\/diazdonoso.cl\/wp-content\/uploads\/2021\/02\/logo-google-My-business.png\",\"contentUrl\":\"https:\/\/diazdonoso.cl\/wp-content\/uploads\/2021\/02\/logo-google-My-business.png\",\"width\":250,\"height\":250,\"caption\":\"D\u00edaz Donoso & C\u00eda\"},\"image\":{\"@id\":\"https:\/\/diazdonoso.cl\/en_us\/#\/schema\/logo\/image\/\"},\"sameAs\":[\"https:\/\/www.linkedin.com\/company\/sermaco-d\u00edaz-donoso-c\u00eda\"]}]}<\/script>\n<!-- \/ Yoast SEO plugin. -->","yoast_head_json":{"title":"Noticias | Diaz, Donoso &amp; C\u00eda","description":"Once the law is approved and enacted, it will allow to apply for trademark registrations in more than 100 countries that are already part of the Madrid Protocol, in an inexpensive and simple way.","robots":{"index":"index","follow":"follow","max-snippet":"max-snippet:-1","max-image-preview":"max-image-preview:large","max-video-preview":"max-video-preview:-1"},"canonical":"https:\/\/diazdonoso.cl\/en_us\/news-2\/","og_locale":"en_US","og_type":"article","og_title":"Noticias | Diaz, Donoso &amp; C\u00eda","og_description":"Una vez la ley sea aprobada y promulgada, permitir\u00e1 solicitar la obtenci\u00f3n de registros de marcas comerciales en m\u00e1s de 100 pa\u00edses que ya forman parte del Protocolo de Madrid, de forma econ\u00f3mica y simple.","og_url":"https:\/\/diazdonoso.cl\/en_us\/news-2\/","og_site_name":"Diaz, Donoso &amp; C\u00eda","article_modified_time":"2025-10-16T22:15:59+00:00","og_image":[{"width":251,"height":201,"url":"https:\/\/diazdonoso.cl\/wp-content\/uploads\/2021\/01\/descarga-1.png","type":"image\/png"}],"twitter_card":"summary_large_image","twitter_misc":{"Est. reading time":"2 minutes"},"schema":{"@context":"https:\/\/schema.org","@graph":[{"@type":"WebPage","@id":"https:\/\/diazdonoso.cl\/en_us\/news-2\/","url":"https:\/\/diazdonoso.cl\/en_us\/news-2\/","name":"Noticias | Diaz, Donoso &amp; C\u00eda","isPartOf":{"@id":"https:\/\/diazdonoso.cl\/en_us\/#website"},"primaryImageOfPage":{"@id":"https:\/\/diazdonoso.cl\/en_us\/news-2\/#primaryimage"},"image":{"@id":"https:\/\/diazdonoso.cl\/en_us\/news-2\/#primaryimage"},"thumbnailUrl":"https:\/\/diazdonoso.cl\/wp-content\/uploads\/2021\/01\/descarga-1.png","datePublished":"2020-08-20T02:05:26+00:00","dateModified":"2025-10-16T22:15:59+00:00","description":"Once the law is approved and enacted, it will allow to apply for trademark registrations in more than 100 countries that are already part of the Madrid Protocol, in an inexpensive and simple way.","breadcrumb":{"@id":"https:\/\/diazdonoso.cl\/en_us\/news-2\/#breadcrumb"},"inLanguage":"en-US","potentialAction":[{"@type":"ReadAction","target":["https:\/\/diazdonoso.cl\/en_us\/news-2\/"]}]},{"@type":"ImageObject","inLanguage":"en-US","@id":"https:\/\/diazdonoso.cl\/en_us\/news-2\/#primaryimage","url":"https:\/\/diazdonoso.cl\/wp-content\/uploads\/2021\/01\/descarga-1.png","contentUrl":"https:\/\/diazdonoso.cl\/wp-content\/uploads\/2021\/01\/descarga-1.png","width":251,"height":201},{"@type":"BreadcrumbList","@id":"https:\/\/diazdonoso.cl\/en_us\/news-2\/#breadcrumb","itemListElement":[{"@type":"ListItem","position":1,"name":"Portada","item":"https:\/\/diazdonoso.cl\/"},{"@type":"ListItem","position":2,"name":"Noticias"}]},{"@type":"WebSite","@id":"https:\/\/diazdonoso.cl\/en_us\/#website","url":"https:\/\/diazdonoso.cl\/en_us\/","name":"Diaz, Donoso &amp; C\u00eda","description":"Diaz, Donoso &amp; C\u00eda.","publisher":{"@id":"https:\/\/diazdonoso.cl\/en_us\/#organization"},"potentialAction":[{"@type":"SearchAction","target":{"@type":"EntryPoint","urlTemplate":"https:\/\/diazdonoso.cl\/en_us\/?s={search_term_string}"},"query-input":{"@type":"PropertyValueSpecification","valueRequired":true,"valueName":"search_term_string"}}],"inLanguage":"en-US"},{"@type":"Organization","@id":"https:\/\/diazdonoso.cl\/en_us\/#organization","name":"D\u00edaz Donoso &amp; C\u00eda.","url":"https:\/\/diazdonoso.cl\/en_us\/","logo":{"@type":"ImageObject","inLanguage":"en-US","@id":"https:\/\/diazdonoso.cl\/en_us\/#\/schema\/logo\/image\/","url":"https:\/\/diazdonoso.cl\/wp-content\/uploads\/2021\/02\/logo-google-My-business.png","contentUrl":"https:\/\/diazdonoso.cl\/wp-content\/uploads\/2021\/02\/logo-google-My-business.png","width":250,"height":250,"caption":"D\u00edaz Donoso & C\u00eda"},"image":{"@id":"https:\/\/diazdonoso.cl\/en_us\/#\/schema\/logo\/image\/"},"sameAs":["https:\/\/www.linkedin.com\/company\/sermaco-d\u00edaz-donoso-c\u00eda"]}]}},"_links":{"self":[{"href":"https:\/\/diazdonoso.cl\/en_us\/wp-json\/wp\/v2\/pages\/5","targetHints":{"allow":["GET"]}}],"collection":[{"href":"https:\/\/diazdonoso.cl\/en_us\/wp-json\/wp\/v2\/pages"}],"about":[{"href":"https:\/\/diazdonoso.cl\/en_us\/wp-json\/wp\/v2\/types\/page"}],"author":[{"embeddable":true,"href":"https:\/\/diazdonoso.cl\/en_us\/wp-json\/wp\/v2\/users\/4"}],"replies":[{"embeddable":true,"href":"https:\/\/diazdonoso.cl\/en_us\/wp-json\/wp\/v2\/comments?post=5"}],"version-history":[{"count":34,"href":"https:\/\/diazdonoso.cl\/en_us\/wp-json\/wp\/v2\/pages\/5\/revisions"}],"predecessor-version":[{"id":6895,"href":"https:\/\/diazdonoso.cl\/en_us\/wp-json\/wp\/v2\/pages\/5\/revisions\/6895"}],"wp:featuredmedia":[{"embeddable":true,"href":"https:\/\/diazdonoso.cl\/en_us\/wp-json\/wp\/v2\/media\/3147"}],"wp:attachment":[{"href":"https:\/\/diazdonoso.cl\/en_us\/wp-json\/wp\/v2\/media?parent=5"}],"curies":[{"name":"wp","href":"https:\/\/api.w.org\/{rel}","templated":true}]}}